{"id":467,"date":"2026-02-25T14:48:43","date_gmt":"2026-02-25T17:48:43","guid":{"rendered":"https:\/\/ecnconsult.com.br\/site\/?post_type=product&#038;p=467"},"modified":"2026-02-25T14:53:20","modified_gmt":"2026-02-25T17:53:20","slug":"nr-05-cipa-comissao-interna-de-prevencao-de-acidentes-e-assedio-16h","status":"publish","type":"product","link":"https:\/\/ecnconsult.com.br\/site\/produto\/nr-05-cipa-comissao-interna-de-prevencao-de-acidentes-e-assedio-16h\/","title":{"rendered":"NR-05 CIPA &#8211; Comiss\u00e3o Interna de Preven\u00e7\u00e3o de Acidentes e Ass\u00e9dio &#8211; (16h)"},"content":{"rendered":"","protected":false},"excerpt":{"rendered":"","protected":false},"featured_media":295,"comment_status":"open","ping_status":"closed","template":"","meta":{"_acf_changed":false},"product_brand":[],"product_cat":[24],"product_tag":[],"class_list":{"0":"post-467","1":"product","2":"type-product","3":"status-publish","4":"has-post-thumbnail","6":"product_cat-sem-categoria","8":"first","9":"instock","10":"taxable","11":"shipping-taxable","12":"purchasable","13":"product-type-simple"},"acf":[],"_links":{"self":[{"href":"https:\/\/ecnconsult.com.br\/site\/wp-json\/wp\/v2\/product\/467","targetHints":{"allow":["GET"]}}],"collection":[{"href":"https:\/\/ecnconsult.com.br\/site\/wp-json\/wp\/v2\/product"}],"about":[{"href":"https:\/\/ecnconsult.com.br\/site\/wp-json\/wp\/v2\/types\/product"}],"replies":[{"embeddable":true,"href":"https:\/\/ecnconsult.com.br\/site\/wp-json\/wp\/v2\/comments?post=467"}],"wp:featuredmedia":[{"embeddable":true,"href":"https:\/\/ecnconsult.com.br\/site\/wp-json\/wp\/v2\/media\/295"}],"wp:attachment":[{"href":"https:\/\/ecnconsult.com.br\/site\/wp-json\/wp\/v2\/media?parent=467"}],"wp:term":[{"taxonomy":"product_brand","embeddable":true,"href":"https:\/\/ecnconsult.com.br\/site\/wp-json\/wp\/v2\/product_brand?post=467"},{"taxonomy":"product_cat","embeddable":true,"href":"https:\/\/ecnconsult.com.br\/site\/wp-json\/wp\/v2\/product_cat?post=467"},{"taxonomy":"product_tag","embeddable":true,"href":"https:\/\/ecnconsult.com.br\/site\/wp-json\/wp\/v2\/product_tag?post=467"}],"curies":[{"name":"wp","href":"https:\/\/api.w.org\/{rel}","templated":true}]}}