{"id":459,"date":"2026-02-25T14:31:51","date_gmt":"2026-02-25T17:31:51","guid":{"rendered":"https:\/\/ecnconsult.com.br\/site\/?post_type=product&#038;p=459"},"modified":"2026-02-25T14:43:36","modified_gmt":"2026-02-25T17:43:36","slug":"nr-20-seguranca-e-saude-no-trabalho-com-inflamaveis-e-combustiveis-4h","status":"publish","type":"product","link":"https:\/\/ecnconsult.com.br\/site\/produto\/nr-20-seguranca-e-saude-no-trabalho-com-inflamaveis-e-combustiveis-4h\/","title":{"rendered":"NR-20 Seguran\u00e7a e Sa\u00fade no Trabalho com Inflam\u00e1veis e Combust\u00edveis (4h)"},"content":{"rendered":"","protected":false},"excerpt":{"rendered":"","protected":false},"featured_media":449,"comment_status":"open","ping_status":"closed","template":"","meta":{"_acf_changed":false},"product_brand":[],"product_cat":[24],"product_tag":[],"class_list":{"0":"post-459","1":"product","2":"type-product","3":"status-publish","4":"has-post-thumbnail","6":"product_cat-sem-categoria","8":"first","9":"instock","10":"taxable","11":"shipping-taxable","12":"purchasable","13":"product-type-simple"},"acf":[],"_links":{"self":[{"href":"https:\/\/ecnconsult.com.br\/site\/wp-json\/wp\/v2\/product\/459","targetHints":{"allow":["GET"]}}],"collection":[{"href":"https:\/\/ecnconsult.com.br\/site\/wp-json\/wp\/v2\/product"}],"about":[{"href":"https:\/\/ecnconsult.com.br\/site\/wp-json\/wp\/v2\/types\/product"}],"replies":[{"embeddable":true,"href":"https:\/\/ecnconsult.com.br\/site\/wp-json\/wp\/v2\/comments?post=459"}],"wp:featuredmedia":[{"embeddable":true,"href":"https:\/\/ecnconsult.com.br\/site\/wp-json\/wp\/v2\/media\/449"}],"wp:attachment":[{"href":"https:\/\/ecnconsult.com.br\/site\/wp-json\/wp\/v2\/media?parent=459"}],"wp:term":[{"taxonomy":"product_brand","embeddable":true,"href":"https:\/\/ecnconsult.com.br\/site\/wp-json\/wp\/v2\/product_brand?post=459"},{"taxonomy":"product_cat","embeddable":true,"href":"https:\/\/ecnconsult.com.br\/site\/wp-json\/wp\/v2\/product_cat?post=459"},{"taxonomy":"product_tag","embeddable":true,"href":"https:\/\/ecnconsult.com.br\/site\/wp-json\/wp\/v2\/product_tag?post=459"}],"curies":[{"name":"wp","href":"https:\/\/api.w.org\/{rel}","templated":true}]}}