{"id":457,"date":"2026-02-25T13:52:25","date_gmt":"2026-02-25T16:52:25","guid":{"rendered":"https:\/\/ecnconsult.com.br\/site\/?post_type=product&#038;p=457"},"modified":"2026-02-25T14:22:59","modified_gmt":"2026-02-25T17:22:59","slug":"nr-20-seguranca-e-saude-no-trabalho-com-inflamaveis-e-combustiveis-16h","status":"publish","type":"product","link":"https:\/\/ecnconsult.com.br\/site\/produto\/nr-20-seguranca-e-saude-no-trabalho-com-inflamaveis-e-combustiveis-16h\/","title":{"rendered":"NR-20 Seguran\u00e7a e Sa\u00fade no Trabalho com Inflam\u00e1veis e Combust\u00edveis (16h)"},"content":{"rendered":"","protected":false},"excerpt":{"rendered":"","protected":false},"featured_media":449,"comment_status":"open","ping_status":"closed","template":"","meta":{"_acf_changed":false},"product_brand":[],"product_cat":[24],"product_tag":[],"class_list":{"0":"post-457","1":"product","2":"type-product","3":"status-publish","4":"has-post-thumbnail","6":"product_cat-sem-categoria","8":"first","9":"instock","10":"virtual","11":"taxable","12":"purchasable","13":"product-type-simple"},"acf":[],"_links":{"self":[{"href":"https:\/\/ecnconsult.com.br\/site\/wp-json\/wp\/v2\/product\/457","targetHints":{"allow":["GET"]}}],"collection":[{"href":"https:\/\/ecnconsult.com.br\/site\/wp-json\/wp\/v2\/product"}],"about":[{"href":"https:\/\/ecnconsult.com.br\/site\/wp-json\/wp\/v2\/types\/product"}],"replies":[{"embeddable":true,"href":"https:\/\/ecnconsult.com.br\/site\/wp-json\/wp\/v2\/comments?post=457"}],"wp:featuredmedia":[{"embeddable":true,"href":"https:\/\/ecnconsult.com.br\/site\/wp-json\/wp\/v2\/media\/449"}],"wp:attachment":[{"href":"https:\/\/ecnconsult.com.br\/site\/wp-json\/wp\/v2\/media?parent=457"}],"wp:term":[{"taxonomy":"product_brand","embeddable":true,"href":"https:\/\/ecnconsult.com.br\/site\/wp-json\/wp\/v2\/product_brand?post=457"},{"taxonomy":"product_cat","embeddable":true,"href":"https:\/\/ecnconsult.com.br\/site\/wp-json\/wp\/v2\/product_cat?post=457"},{"taxonomy":"product_tag","embeddable":true,"href":"https:\/\/ecnconsult.com.br\/site\/wp-json\/wp\/v2\/product_tag?post=457"}],"curies":[{"name":"wp","href":"https:\/\/api.w.org\/{rel}","templated":true}]}}